{"id":169,"date":"2025-05-27T23:40:02","date_gmt":"2025-05-27T21:40:02","guid":{"rendered":"https:\/\/transportescepsa.com\/2017\/?page_id=169"},"modified":"2025-08-06T10:16:49","modified_gmt":"2025-08-06T15:16:49","slug":"servicios","status":"publish","type":"page","link":"https:\/\/transportescepsa.com\/2017\/servicios\/","title":{"rendered":"Servicios"},"content":{"rendered":"\t\t<div data-elementor-type=\"wp-page\" data-elementor-id=\"169\" class=\"elementor elementor-169\">\n\t\t\t\t<div class=\"elementor-element elementor-element-2cccb93 e-flex e-con-boxed e-con e-parent\" data-id=\"2cccb93\" data-element_type=\"container\" data-e-type=\"container\" data-settings=\"{&quot;background_background&quot;:&quot;video&quot;,&quot;background_video_link&quot;:&quot;https:\\\/\\\/youtu.be\\\/wyfbL1c-Xak&quot;,&quot;background_video_start&quot;:1,&quot;background_video_end&quot;:10,&quot;background_play_on_mobile&quot;:&quot;yes&quot;}\">\n\t\t\t\t\t<div class=\"e-con-inner\">\n\t\t<div class=\"elementor-background-video-container\">\n\t\t\t\t\t\t\t<div class=\"elementor-background-video-embed\" role=\"presentation\"><\/div>\n\t\t\t\t\t\t<\/div>\t\t\t<\/div>\n\t\t\t\t<\/div>\n\t\t<div class=\"elementor-element elementor-element-ce03ec7 e-con-full e-flex e-con e-parent\" data-id=\"ce03ec7\" data-element_type=\"container\" data-e-type=\"container\" data-settings=\"{&quot;background_background&quot;:&quot;classic&quot;}\">\n\t\t<div class=\"elementor-element elementor-element-6062a77 e-con-full e-flex e-con e-child\" data-id=\"6062a77\" data-element_type=\"container\" data-e-type=\"container\">\n\t\t\t\t<div class=\"elementor-element elementor-element-042c23b elementor-invisible elementor-widget elementor-widget-heading\" data-id=\"042c23b\" data-element_type=\"widget\" data-e-type=\"widget\" data-settings=\"{&quot;_animation&quot;:&quot;slideInLeft&quot;}\" data-widget_type=\"heading.default\">\n\t\t\t\t<div class=\"elementor-widget-container\">\n\t\t\t\t\t<h2 class=\"elementor-heading-title elementor-size-default\">Soluciones log\u00edsticas especializadas.<\/h2>\t\t\t\t<\/div>\n\t\t\t\t<\/div>\n\t\t\t\t<div class=\"elementor-element elementor-element-04ff319 elementor-invisible elementor-widget elementor-widget-text-editor\" data-id=\"04ff319\" data-element_type=\"widget\" data-e-type=\"widget\" data-settings=\"{&quot;_animation&quot;:&quot;slideInLeft&quot;,&quot;_animation_delay&quot;:100}\" data-widget_type=\"text-editor.default\">\n\t\t\t\t<div class=\"elementor-widget-container\">\n\t\t\t\t\t\t\t\t\t<p>\u2022 Transporte dedicado<br \/>\u2022 Hand carrier<br \/>\u2022 Servicios expeditados<br \/>\u2022 Circuitos programados<br \/>\u2022 Carga especializada<br \/>\u2022 Remolques, cajas secas, plataformas<\/p><p>Cumplimos con todas las normativas de la SCT y personalizamos cada operaci\u00f3n.<\/p><p>Brindar un servicio de entregas a estaciones de servicio que supere las expectativas de nuestros clientes, enfoc\u00e1ndonos en la calidad y mejora continua.<\/p>\t\t\t\t\t\t\t\t<\/div>\n\t\t\t\t<\/div>\n\t\t\t\t<div class=\"elementor-element elementor-element-5d3b8ec elementor-hidden-desktop elementor-hidden-tablet elementor-invisible elementor-widget elementor-widget-image\" data-id=\"5d3b8ec\" data-element_type=\"widget\" data-e-type=\"widget\" data-settings=\"{&quot;_animation&quot;:&quot;fadeIn&quot;}\" data-widget_type=\"image.default\">\n\t\t\t\t<div class=\"elementor-widget-container\">\n\t\t\t\t\t\t\t\t\t\t\t\t\t\t\t<img fetchpriority=\"high\" decoding=\"async\" width=\"949\" height=\"1024\" src=\"https:\/\/transportescepsa.com\/2017\/wp-content\/uploads\/2025\/07\/cepsa4-949x1024.jpg\" class=\"attachment-large size-large wp-image-403\" alt=\"\" srcset=\"https:\/\/transportescepsa.com\/2017\/wp-content\/uploads\/2025\/07\/cepsa4-949x1024.jpg 949w, https:\/\/transportescepsa.com\/2017\/wp-content\/uploads\/2025\/07\/cepsa4-278x300.jpg 278w, https:\/\/transportescepsa.com\/2017\/wp-content\/uploads\/2025\/07\/cepsa4-768x829.jpg 768w, https:\/\/transportescepsa.com\/2017\/wp-content\/uploads\/2025\/07\/cepsa4.jpg 1200w\" sizes=\"(max-width: 949px) 100vw, 949px\" \/>\t\t\t\t\t\t\t\t\t\t\t\t\t\t\t<\/div>\n\t\t\t\t<\/div>\n\t\t\t\t<\/div>\n\t\t<div class=\"elementor-element elementor-element-db3a7d3 e-con-full elementor-hidden-mobile e-flex e-con e-child\" data-id=\"db3a7d3\" data-element_type=\"container\" data-e-type=\"container\" data-settings=\"{&quot;background_background&quot;:&quot;classic&quot;}\">\n\t\t\t\t<\/div>\n\t\t\t\t<\/div>\n\t\t<div class=\"elementor-element elementor-element-e1497d5 e-flex e-con-boxed e-con e-parent\" data-id=\"e1497d5\" data-element_type=\"container\" data-e-type=\"container\" data-settings=\"{&quot;background_background&quot;:&quot;classic&quot;}\">\n\t\t\t\t\t<div class=\"e-con-inner\">\n\t\t<div class=\"elementor-element elementor-element-9dea8d3 e-con-full e-flex e-con e-child\" data-id=\"9dea8d3\" data-element_type=\"container\" data-e-type=\"container\">\n\t\t\t\t<div class=\"elementor-element elementor-element-23e3b36 elementor-invisible elementor-widget elementor-widget-heading\" data-id=\"23e3b36\" data-element_type=\"widget\" data-e-type=\"widget\" data-settings=\"{&quot;_animation&quot;:&quot;slideInLeft&quot;}\" data-widget_type=\"heading.default\">\n\t\t\t\t<div class=\"elementor-widget-container\">\n\t\t\t\t\t<h2 class=\"elementor-heading-title elementor-size-default\">Calidad y seguridad<\/h2>\t\t\t\t<\/div>\n\t\t\t\t<\/div>\n\t\t\t\t<div class=\"elementor-element elementor-element-c937a4c elementor-invisible elementor-widget elementor-widget-text-editor\" data-id=\"c937a4c\" data-element_type=\"widget\" data-e-type=\"widget\" data-settings=\"{&quot;_animation&quot;:&quot;slideInLeft&quot;,&quot;_animation_delay&quot;:100}\" data-widget_type=\"text-editor.default\">\n\t\t\t\t<div class=\"elementor-widget-container\">\n\t\t\t\t\t\t\t\t\t<p>En CEPSA la calidad es prioridad:<\/p><p>\u2022 Certificaci\u00f3n ISO 9001:2015<br \/>\u2022 Certificaci\u00f3n C-TPAT<br \/>\u2022 Capacitaci\u00f3n continua y evaluaciones m\u00e9dicas peri\u00f3dicas<br \/>\u2022 Pruebas de control antidoping y alcoholemia<br \/>\u2022 Inteligencia operativa y supervisi\u00f3n activa en carretera<\/p>\t\t\t\t\t\t\t\t<\/div>\n\t\t\t\t<\/div>\n\t\t\t\t<\/div>\n\t\t<div class=\"elementor-element elementor-element-c8ea2e8 e-con-full e-flex e-con e-child\" data-id=\"c8ea2e8\" data-element_type=\"container\" data-e-type=\"container\" data-settings=\"{&quot;background_background&quot;:&quot;classic&quot;}\">\n\t\t\t\t<div class=\"elementor-element elementor-element-9fbe6e0 elementor-widget elementor-widget-spacer\" data-id=\"9fbe6e0\" data-element_type=\"widget\" data-e-type=\"widget\" data-widget_type=\"spacer.default\">\n\t\t\t\t<div class=\"elementor-widget-container\">\n\t\t\t\t\t\t\t<div class=\"elementor-spacer\">\n\t\t\t<div class=\"elementor-spacer-inner\"><\/div>\n\t\t<\/div>\n\t\t\t\t\t\t<\/div>\n\t\t\t\t<\/div>\n\t\t\t\t<div class=\"elementor-element elementor-element-1e6ca78 elementor-invisible elementor-widget elementor-widget-text-editor\" data-id=\"1e6ca78\" data-element_type=\"widget\" data-e-type=\"widget\" data-settings=\"{&quot;_animation&quot;:&quot;slideInLeft&quot;,&quot;_animation_delay&quot;:100}\" data-widget_type=\"text-editor.default\">\n\t\t\t\t<div class=\"elementor-widget-container\">\n\t\t\t\t\t\t\t\t\t<p>Contamos con un sistema robusto de tecnolog\u00eda y monitoreo:<\/p><p>\u2022 Telemetr\u00eda en todas nuestras unidades<br \/>\u2022 Tecnolog\u00eda Wingman Fusi\u00f3n<br \/>\u2022 C\u00e1maras frontales y tractocamiones Euro5<br \/>\u2022 Patios equipados con seguridad 24\/7, mantenimiento y <br \/>acceso controlado<\/p>\t\t\t\t\t\t\t\t<\/div>\n\t\t\t\t<\/div>\n\t\t\t\t<\/div>\n\t\t\t\t\t<\/div>\n\t\t\t\t<\/div>\n\t\t<div class=\"elementor-element elementor-element-307e55a e-con-full e-flex e-con e-parent\" data-id=\"307e55a\" data-element_type=\"container\" data-e-type=\"container\" data-settings=\"{&quot;background_background&quot;:&quot;classic&quot;}\">\n\t\t<div class=\"elementor-element elementor-element-32d6806 e-con-full elementor-hidden-mobile e-flex e-con e-child\" data-id=\"32d6806\" data-element_type=\"container\" data-e-type=\"container\" data-settings=\"{&quot;background_background&quot;:&quot;classic&quot;}\">\n\t\t\t\t<\/div>\n\t\t<div class=\"elementor-element elementor-element-d2e0eb1 e-con-full e-flex e-con e-child\" data-id=\"d2e0eb1\" data-element_type=\"container\" data-e-type=\"container\">\n\t\t\t\t<div class=\"elementor-element elementor-element-f9b92a7 elementor-invisible elementor-widget elementor-widget-heading\" data-id=\"f9b92a7\" data-element_type=\"widget\" data-e-type=\"widget\" data-settings=\"{&quot;_animation&quot;:&quot;slideInRight&quot;}\" data-widget_type=\"heading.default\">\n\t\t\t\t<div class=\"elementor-widget-container\">\n\t\t\t\t\t<h2 class=\"elementor-heading-title elementor-size-default\">Compromiso con la salud<\/h2>\t\t\t\t<\/div>\n\t\t\t\t<\/div>\n\t\t\t\t<div class=\"elementor-element elementor-element-d9b4c38 elementor-invisible elementor-widget elementor-widget-text-editor\" data-id=\"d9b4c38\" data-element_type=\"widget\" data-e-type=\"widget\" data-settings=\"{&quot;_animation&quot;:&quot;slideInRight&quot;,&quot;_animation_delay&quot;:100}\" data-widget_type=\"text-editor.default\">\n\t\t\t\t<div class=\"elementor-widget-container\">\n\t\t\t\t\t\t\t\t\t<p>Cuidamos a nuestros colaboradores con protocolos estrictos:<\/p><p>\u2022 Pruebas r\u00e1pidas, PCR y ELISA para SARS-CoV-2<br \/>\u2022 Detecci\u00f3n de anticuerpos IgM e IgG con alta fiabilidad<br \/>\u2022 Revisi\u00f3n m\u00e9dica constante para garantizar un equipo saludable y confiable<\/p>\t\t\t\t\t\t\t\t<\/div>\n\t\t\t\t<\/div>\n\t\t\t\t<div class=\"elementor-element elementor-element-9cec093 elementor-invisible elementor-widget elementor-widget-heading\" data-id=\"9cec093\" data-element_type=\"widget\" data-e-type=\"widget\" data-settings=\"{&quot;_animation&quot;:&quot;slideInRight&quot;}\" data-widget_type=\"heading.default\">\n\t\t\t\t<div class=\"elementor-widget-container\">\n\t\t\t\t\t<h2 class=\"elementor-heading-title elementor-size-default\">Confianza que mueve<\/h2>\t\t\t\t<\/div>\n\t\t\t\t<\/div>\n\t\t\t\t<div class=\"elementor-element elementor-element-70d3681 elementor-invisible elementor-widget elementor-widget-text-editor\" data-id=\"70d3681\" data-element_type=\"widget\" data-e-type=\"widget\" data-settings=\"{&quot;_animation&quot;:&quot;slideInRight&quot;,&quot;_animation_delay&quot;:100}\" data-widget_type=\"text-editor.default\">\n\t\t\t\t<div class=\"elementor-widget-container\">\n\t\t\t\t\t\t\t\t\t<p>\u2022 M\u00e1s de 100 millones de toneladas transportadas<\/p><p>\u2022 99.87% de entregas a tiempo<\/p><p>\u2022 Supervisi\u00f3n en carretera<\/p><p>\u2022 Monitoreo 24\/7, 365 d\u00edas al a\u00f1o<\/p><p>\u2022 Seguro con cobertura amplia superior a lo requerido por SCT<\/p>\t\t\t\t\t\t\t\t<\/div>\n\t\t\t\t<\/div>\n\t\t\t\t<div class=\"elementor-element elementor-element-529ee87 elementor-hidden-desktop elementor-hidden-tablet elementor-invisible elementor-widget elementor-widget-image\" data-id=\"529ee87\" data-element_type=\"widget\" data-e-type=\"widget\" data-settings=\"{&quot;_animation&quot;:&quot;fadeIn&quot;}\" data-widget_type=\"image.default\">\n\t\t\t\t<div class=\"elementor-widget-container\">\n\t\t\t\t\t\t\t\t\t\t\t\t\t\t\t<img decoding=\"async\" src=\"https:\/\/transportescepsa.com\/2017\/wp-content\/uploads\/2025\/07\/cepsa5.jpg\" title=\"\" alt=\"\" loading=\"lazy\" \/>\t\t\t\t\t\t\t\t\t\t\t\t\t\t\t<\/div>\n\t\t\t\t<\/div>\n\t\t\t\t<\/div>\n\t\t\t\t<\/div>\n\t\t<div class=\"elementor-element elementor-element-85b4d0a e-flex e-con-boxed e-con e-parent\" data-id=\"85b4d0a\" data-element_type=\"container\" data-e-type=\"container\" data-settings=\"{&quot;background_background&quot;:&quot;gradient&quot;}\">\n\t\t\t\t\t<div class=\"e-con-inner\">\n\t\t<div class=\"elementor-element elementor-element-5b79eb4 e-con-full e-flex e-con e-child\" data-id=\"5b79eb4\" data-element_type=\"container\" data-e-type=\"container\">\n\t\t\t\t<div class=\"elementor-element elementor-element-b5683bc elementor-invisible elementor-widget elementor-widget-heading\" data-id=\"b5683bc\" data-element_type=\"widget\" data-e-type=\"widget\" data-settings=\"{&quot;_animation&quot;:&quot;slideInLeft&quot;}\" data-widget_type=\"heading.default\">\n\t\t\t\t<div class=\"elementor-widget-container\">\n\t\t\t\t\t<h2 class=\"elementor-heading-title elementor-size-default\">Our<br>flywheel<\/h2>\t\t\t\t<\/div>\n\t\t\t\t<\/div>\n\t\t\t\t<div class=\"elementor-element elementor-element-c64c9a3 elementor-widget elementor-widget-text-editor\" data-id=\"c64c9a3\" data-element_type=\"widget\" data-e-type=\"widget\" data-widget_type=\"text-editor.default\">\n\t\t\t\t<div class=\"elementor-widget-container\">\n\t\t\t\t\t\t\t\t\t<p class=\"p1\">Crecer de la mano con nuestros clientes bas\u00e1ndonos en los mismos t\u00e9rminos<\/p><p class=\"p1\">de esfuerzos en <b>calidad y rentabilidad.<\/b><\/p>\t\t\t\t\t\t\t\t<\/div>\n\t\t\t\t<\/div>\n\t\t\t\t<\/div>\n\t\t\t\t\t<\/div>\n\t\t\t\t<\/div>\n\t\t\t\t<\/div>\n\t\t","protected":false},"excerpt":{"rendered":"<p>Soluciones log\u00edsticas especializadas. \u2022 Transporte dedicado\u2022 Hand carrier\u2022 Servicios expeditados\u2022 Circuitos programados\u2022 Carga especializada\u2022 Remolques, cajas secas, plataformas Cumplimos con [&hellip;]<\/p>\n","protected":false},"author":1,"featured_media":0,"parent":0,"menu_order":0,"comment_status":"closed","ping_status":"closed","template":"","meta":{"site-sidebar-layout":"no-sidebar","site-content-layout":"","ast-site-content-layout":"full-width-container","site-content-style":"default","site-sidebar-style":"default","ast-global-header-display":"","ast-banner-title-visibility":"","ast-main-header-display":"","ast-hfb-above-header-display":"","ast-hfb-below-header-display":"","ast-hfb-mobile-header-display":"","site-post-title":"disabled","ast-breadcrumbs-content":"","ast-featured-img":"disabled","footer-sml-layout":"","theme-transparent-header-meta":"","adv-header-id-meta":"","stick-header-meta":"","header-above-stick-meta":"","header-main-stick-meta":"","header-below-stick-meta":"","astra-migrate-meta-layouts":"default","ast-page-background-enabled":"default","ast-page-background-meta":{"desktop":{"background-color":"var(--ast-global-color-5)","background-image":"","background-repeat":"repeat","background-position":"center center","background-size":"auto","background-attachment":"scroll","background-type":"","background-media":"","overlay-type":"","overlay-color":"","overlay-opacity":"","overlay-gradient":""},"tablet":{"background-color":"","background-image":"","background-repeat":"repeat","background-position":"center center","background-size":"auto","background-attachment":"scroll","background-type":"","background-media":"","overlay-type":"","overlay-color":"","overlay-opacity":"","overlay-gradient":""},"mobile":{"background-color":"","background-image":"","background-repeat":"repeat","background-position":"center center","background-size":"auto","background-attachment":"scroll","background-type":"","background-media":"","overlay-type":"","overlay-color":"","overlay-opacity":"","overlay-gradient":""}},"ast-content-background-meta":{"desktop":{"background-color":"var(--ast-global-color-4)","background-image":"","background-repeat":"repeat","background-position":"center center","background-size":"auto","background-attachment":"scroll","background-type":"","background-media":"","overlay-type":"","overlay-color":"","overlay-opacity":"","overlay-gradient":""},"tablet":{"background-color":"var(--ast-global-color-4)","background-image":"","background-repeat":"repeat","background-position":"center center","background-size":"auto","background-attachment":"scroll","background-type":"","background-media":"","overlay-type":"","overlay-color":"","overlay-opacity":"","overlay-gradient":""},"mobile":{"background-color":"var(--ast-global-color-4)","background-image":"","background-repeat":"repeat","background-position":"center center","background-size":"auto","background-attachment":"scroll","background-type":"","background-media":"","overlay-type":"","overlay-color":"","overlay-opacity":"","overlay-gradient":""}},"footnotes":""},"class_list":["post-169","page","type-page","status-publish","hentry"],"_links":{"self":[{"href":"https:\/\/transportescepsa.com\/2017\/wp-json\/wp\/v2\/pages\/169","targetHints":{"allow":["GET"]}}],"collection":[{"href":"https:\/\/transportescepsa.com\/2017\/wp-json\/wp\/v2\/pages"}],"about":[{"href":"https:\/\/transportescepsa.com\/2017\/wp-json\/wp\/v2\/types\/page"}],"author":[{"embeddable":true,"href":"https:\/\/transportescepsa.com\/2017\/wp-json\/wp\/v2\/users\/1"}],"replies":[{"embeddable":true,"href":"https:\/\/transportescepsa.com\/2017\/wp-json\/wp\/v2\/comments?post=169"}],"version-history":[{"count":203,"href":"https:\/\/transportescepsa.com\/2017\/wp-json\/wp\/v2\/pages\/169\/revisions"}],"predecessor-version":[{"id":648,"href":"https:\/\/transportescepsa.com\/2017\/wp-json\/wp\/v2\/pages\/169\/revisions\/648"}],"wp:attachment":[{"href":"https:\/\/transportescepsa.com\/2017\/wp-json\/wp\/v2\/media?parent=169"}],"curies":[{"name":"wp","href":"https:\/\/api.w.org\/{rel}","templated":true}]}}